{"id":35,"date":"2025-03-21T19:03:08","date_gmt":"2025-03-21T22:03:08","guid":{"rendered":"https:\/\/codewise.com.ar\/?page_id=35"},"modified":"2025-05-21T20:23:38","modified_gmt":"2025-05-21T23:23:38","slug":"projectos","status":"publish","type":"page","link":"https:\/\/codewise.com.ar\/index.php\/projectos\/","title":{"rendered":"Projectos"},"content":{"rendered":"\t\t<div data-elementor-type=\"wp-page\" data-elementor-id=\"35\" class=\"elementor elementor-35\" data-elementor-post-type=\"page\">\n\t\t\t\t\t\t<section class=\"elementor-section elementor-top-section elementor-element elementor-element-d3e0eb0 elementor-section-boxed elementor-section-height-default elementor-section-height-default\" data-id=\"d3e0eb0\" data-element_type=\"section\">\n\t\t\t\t\t\t<div class=\"elementor-container elementor-column-gap-default\">\n\t\t\t\t\t<div class=\"elementor-column elementor-col-100 elementor-top-column elementor-element elementor-element-59223d4d\" data-id=\"59223d4d\" data-element_type=\"column\">\n\t\t\t<div class=\"elementor-widget-wrap elementor-element-populated\">\n\t\t\t\t\t\t<div class=\"elementor-element elementor-element-5eaaa2b1 elementor-invisible elementor-widget elementor-widget-heading\" data-id=\"5eaaa2b1\" data-element_type=\"widget\" data-settings=\"{&quot;_animation&quot;:&quot;fadeInDown&quot;}\" data-widget_type=\"heading.default\">\n\t\t\t\t<div class=\"elementor-widget-container\">\n\t\t\t\t\t<h2 class=\"elementor-heading-title elementor-size-default\">Eleg\u00ed una categor\u00eda<br>y explor\u00e1 nuestros trabajos.<\/h2>\t\t\t\t<\/div>\n\t\t\t\t<\/div>\n\t\t\t\t<div class=\"elementor-element elementor-element-8f493c7 elementor-widget__width-initial elementor-absolute elementor-widget-mobile__width-initial elementor-invisible elementor-widget elementor-widget-image\" data-id=\"8f493c7\" data-element_type=\"widget\" data-settings=\"{&quot;motion_fx_motion_fx_scrolling&quot;:&quot;yes&quot;,&quot;motion_fx_rotateZ_effect&quot;:&quot;yes&quot;,&quot;motion_fx_rotateZ_speed&quot;:{&quot;unit&quot;:&quot;px&quot;,&quot;size&quot;:&quot;0.4&quot;,&quot;sizes&quot;:[]},&quot;motion_fx_rotateZ_affectedRange&quot;:{&quot;unit&quot;:&quot;%&quot;,&quot;size&quot;:&quot;&quot;,&quot;sizes&quot;:{&quot;start&quot;:&quot;38&quot;,&quot;end&quot;:85}},&quot;_position&quot;:&quot;absolute&quot;,&quot;_animation&quot;:&quot;fadeInLeft&quot;,&quot;motion_fx_devices&quot;:[&quot;desktop&quot;,&quot;tablet&quot;,&quot;mobile&quot;]}\" data-widget_type=\"image.default\">\n\t\t\t\t<div class=\"elementor-widget-container\">\n\t\t\t\t\t\t\t\t\t\t\t\t\t\t\t<img fetchpriority=\"high\" decoding=\"async\" width=\"218\" height=\"633\" src=\"https:\/\/codewise.com.ar\/wp-content\/uploads\/2025\/03\/asset1.png\" class=\"attachment-large size-large wp-image-78\" alt=\"\" srcset=\"https:\/\/codewise.com.ar\/wp-content\/uploads\/2025\/03\/asset1.png 218w, https:\/\/codewise.com.ar\/wp-content\/uploads\/2025\/03\/asset1-103x300.png 103w\" sizes=\"(max-width: 218px) 100vw, 218px\" \/>\t\t\t\t\t\t\t\t\t\t\t\t\t\t\t<\/div>\n\t\t\t\t<\/div>\n\t\t\t\t\t<\/div>\n\t\t<\/div>\n\t\t\t\t\t<\/div>\n\t\t<\/section>\n\t\t\t\t<section class=\"elementor-section elementor-top-section elementor-element elementor-element-d0fbcbd elementor-section-boxed elementor-section-height-default elementor-section-height-default\" data-id=\"d0fbcbd\" data-element_type=\"section\">\n\t\t\t\t\t\t<div class=\"elementor-container elementor-column-gap-default\">\n\t\t\t\t\t<div class=\"elementor-column elementor-col-33 elementor-top-column elementor-element elementor-element-381507b3 elementor-invisible\" data-id=\"381507b3\" data-element_type=\"column\" data-settings=\"{&quot;animation&quot;:&quot;fadeInLeft&quot;}\">\n\t\t\t<div class=\"elementor-widget-wrap elementor-element-populated\">\n\t\t\t\t\t\t<div class=\"elementor-element elementor-element-2b960a2c elementor-widget elementor-widget-image\" data-id=\"2b960a2c\" data-element_type=\"widget\" data-widget_type=\"image.default\">\n\t\t\t\t<div class=\"elementor-widget-container\">\n\t\t\t\t\t\t\t\t\t\t\t\t\t\t\t<img decoding=\"async\" width=\"800\" height=\"800\" src=\"https:\/\/codewise.com.ar\/wp-content\/uploads\/2025\/05\/Post-Instagram-mockup-nueva-web-ordenador-azul-1024x1024.webp\" class=\"attachment-large size-large wp-image-882\" alt=\"\" srcset=\"https:\/\/codewise.com.ar\/wp-content\/uploads\/2025\/05\/Post-Instagram-mockup-nueva-web-ordenador-azul-1024x1024.webp 1024w, https:\/\/codewise.com.ar\/wp-content\/uploads\/2025\/05\/Post-Instagram-mockup-nueva-web-ordenador-azul-300x300.webp 300w, https:\/\/codewise.com.ar\/wp-content\/uploads\/2025\/05\/Post-Instagram-mockup-nueva-web-ordenador-azul-150x150.webp 150w, https:\/\/codewise.com.ar\/wp-content\/uploads\/2025\/05\/Post-Instagram-mockup-nueva-web-ordenador-azul-768x768.webp 768w, https:\/\/codewise.com.ar\/wp-content\/uploads\/2025\/05\/Post-Instagram-mockup-nueva-web-ordenador-azul.webp 1080w\" sizes=\"(max-width: 800px) 100vw, 800px\" \/>\t\t\t\t\t\t\t\t\t\t\t\t\t\t\t<\/div>\n\t\t\t\t<\/div>\n\t\t\t\t<div class=\"elementor-element elementor-element-360fe418 elementor-align-justify elementor-widget elementor-widget-button\" data-id=\"360fe418\" data-element_type=\"widget\" data-widget_type=\"button.default\">\n\t\t\t\t<div class=\"elementor-widget-container\">\n\t\t\t\t\t\t\t\t\t<div class=\"elementor-button-wrapper\">\n\t\t\t\t\t<a class=\"elementor-button elementor-button-link elementor-size-sm\" href=\"https:\/\/codewise.com.ar\/index.php\/websites\/\">\n\t\t\t\t\t\t<span class=\"elementor-button-content-wrapper\">\n\t\t\t\t\t\t\t\t\t<span class=\"elementor-button-text\">Ver proyectos<\/span>\n\t\t\t\t\t<\/span>\n\t\t\t\t\t<\/a>\n\t\t\t\t<\/div>\n\t\t\t\t\t\t\t\t<\/div>\n\t\t\t\t<\/div>\n\t\t\t\t\t<\/div>\n\t\t<\/div>\n\t\t\t\t<div class=\"elementor-column elementor-col-33 elementor-top-column elementor-element elementor-element-a10cadb elementor-invisible\" data-id=\"a10cadb\" data-element_type=\"column\" data-settings=\"{&quot;animation&quot;:&quot;fadeInUp&quot;}\">\n\t\t\t<div class=\"elementor-widget-wrap elementor-element-populated\">\n\t\t\t\t\t\t<div class=\"elementor-element elementor-element-8a9b5b3 elementor-widget elementor-widget-image\" data-id=\"8a9b5b3\" data-element_type=\"widget\" data-widget_type=\"image.default\">\n\t\t\t\t<div class=\"elementor-widget-container\">\n\t\t\t\t\t\t\t\t\t\t\t\t\t\t\t<img decoding=\"async\" width=\"800\" height=\"800\" src=\"https:\/\/codewise.com.ar\/wp-content\/uploads\/2025\/05\/Post-Instagram-mockup-nueva-web-ordenador-azul-1-1024x1024.webp\" class=\"attachment-large size-large wp-image-893\" alt=\"\" srcset=\"https:\/\/codewise.com.ar\/wp-content\/uploads\/2025\/05\/Post-Instagram-mockup-nueva-web-ordenador-azul-1-1024x1024.webp 1024w, https:\/\/codewise.com.ar\/wp-content\/uploads\/2025\/05\/Post-Instagram-mockup-nueva-web-ordenador-azul-1-300x300.webp 300w, https:\/\/codewise.com.ar\/wp-content\/uploads\/2025\/05\/Post-Instagram-mockup-nueva-web-ordenador-azul-1-150x150.webp 150w, https:\/\/codewise.com.ar\/wp-content\/uploads\/2025\/05\/Post-Instagram-mockup-nueva-web-ordenador-azul-1-768x768.webp 768w, https:\/\/codewise.com.ar\/wp-content\/uploads\/2025\/05\/Post-Instagram-mockup-nueva-web-ordenador-azul-1.webp 1080w\" sizes=\"(max-width: 800px) 100vw, 800px\" \/>\t\t\t\t\t\t\t\t\t\t\t\t\t\t\t<\/div>\n\t\t\t\t<\/div>\n\t\t\t\t<div class=\"elementor-element elementor-element-76e49cc elementor-align-justify elementor-widget elementor-widget-button\" data-id=\"76e49cc\" data-element_type=\"widget\" data-widget_type=\"button.default\">\n\t\t\t\t<div class=\"elementor-widget-container\">\n\t\t\t\t\t\t\t\t\t<div class=\"elementor-button-wrapper\">\n\t\t\t\t\t<a class=\"elementor-button elementor-button-link elementor-size-sm\" href=\"https:\/\/codewise.com.ar\/index.php\/ecommerces\/\">\n\t\t\t\t\t\t<span class=\"elementor-button-content-wrapper\">\n\t\t\t\t\t\t\t\t\t<span class=\"elementor-button-text\">Ver proyectos<\/span>\n\t\t\t\t\t<\/span>\n\t\t\t\t\t<\/a>\n\t\t\t\t<\/div>\n\t\t\t\t\t\t\t\t<\/div>\n\t\t\t\t<\/div>\n\t\t\t\t\t<\/div>\n\t\t<\/div>\n\t\t\t\t<div class=\"elementor-column elementor-col-33 elementor-top-column elementor-element elementor-element-7ed93d5 elementor-invisible\" data-id=\"7ed93d5\" data-element_type=\"column\" data-settings=\"{&quot;animation&quot;:&quot;fadeInRight&quot;}\">\n\t\t\t<div class=\"elementor-widget-wrap elementor-element-populated\">\n\t\t\t\t\t\t<div class=\"elementor-element elementor-element-6e7e936 elementor-widget elementor-widget-image\" data-id=\"6e7e936\" data-element_type=\"widget\" data-widget_type=\"image.default\">\n\t\t\t\t<div class=\"elementor-widget-container\">\n\t\t\t\t\t\t\t\t\t\t\t\t\t\t\t<img loading=\"lazy\" decoding=\"async\" width=\"800\" height=\"800\" src=\"https:\/\/codewise.com.ar\/wp-content\/uploads\/2025\/05\/3-1024x1024.webp\" class=\"attachment-large size-large wp-image-897\" alt=\"\" srcset=\"https:\/\/codewise.com.ar\/wp-content\/uploads\/2025\/05\/3-1024x1024.webp 1024w, https:\/\/codewise.com.ar\/wp-content\/uploads\/2025\/05\/3-300x300.webp 300w, https:\/\/codewise.com.ar\/wp-content\/uploads\/2025\/05\/3-150x150.webp 150w, https:\/\/codewise.com.ar\/wp-content\/uploads\/2025\/05\/3-768x768.webp 768w, https:\/\/codewise.com.ar\/wp-content\/uploads\/2025\/05\/3.webp 1080w\" sizes=\"(max-width: 800px) 100vw, 800px\" \/>\t\t\t\t\t\t\t\t\t\t\t\t\t\t\t<\/div>\n\t\t\t\t<\/div>\n\t\t\t\t<div class=\"elementor-element elementor-element-376fdd5 elementor-align-justify elementor-widget elementor-widget-button\" data-id=\"376fdd5\" data-element_type=\"widget\" data-widget_type=\"button.default\">\n\t\t\t\t<div class=\"elementor-widget-container\">\n\t\t\t\t\t\t\t\t\t<div class=\"elementor-button-wrapper\">\n\t\t\t\t\t<a class=\"elementor-button elementor-button-link elementor-size-sm\" href=\"https:\/\/codewise.com.ar\/index.php\/aplicaciones\/\">\n\t\t\t\t\t\t<span class=\"elementor-button-content-wrapper\">\n\t\t\t\t\t\t\t\t\t<span class=\"elementor-button-text\">Ver proyectos<\/span>\n\t\t\t\t\t<\/span>\n\t\t\t\t\t<\/a>\n\t\t\t\t<\/div>\n\t\t\t\t\t\t\t\t<\/div>\n\t\t\t\t<\/div>\n\t\t\t\t\t<\/div>\n\t\t<\/div>\n\t\t\t\t\t<\/div>\n\t\t<\/section>\n\t\t\t\t<section class=\"elementor-section elementor-top-section elementor-element elementor-element-463c96a elementor-section-boxed elementor-section-height-default elementor-section-height-default\" data-id=\"463c96a\" data-element_type=\"section\">\n\t\t\t\t\t\t<div class=\"elementor-container elementor-column-gap-default\">\n\t\t\t\t\t<div class=\"elementor-column elementor-col-33 elementor-top-column elementor-element elementor-element-d1d76e2 elementor-invisible\" data-id=\"d1d76e2\" data-element_type=\"column\" data-settings=\"{&quot;animation&quot;:&quot;fadeInLeft&quot;}\">\n\t\t\t<div class=\"elementor-widget-wrap elementor-element-populated\">\n\t\t\t\t\t\t<div class=\"elementor-element elementor-element-deb5229 elementor-widget elementor-widget-image\" data-id=\"deb5229\" data-element_type=\"widget\" data-widget_type=\"image.default\">\n\t\t\t\t<div class=\"elementor-widget-container\">\n\t\t\t\t\t\t\t\t\t\t\t\t\t\t\t<img loading=\"lazy\" decoding=\"async\" width=\"800\" height=\"800\" src=\"https:\/\/codewise.com.ar\/wp-content\/uploads\/2025\/05\/5-1024x1024.webp\" class=\"attachment-large size-large wp-image-904\" alt=\"\" srcset=\"https:\/\/codewise.com.ar\/wp-content\/uploads\/2025\/05\/5-1024x1024.webp 1024w, https:\/\/codewise.com.ar\/wp-content\/uploads\/2025\/05\/5-300x300.webp 300w, https:\/\/codewise.com.ar\/wp-content\/uploads\/2025\/05\/5-150x150.webp 150w, https:\/\/codewise.com.ar\/wp-content\/uploads\/2025\/05\/5-768x768.webp 768w, https:\/\/codewise.com.ar\/wp-content\/uploads\/2025\/05\/5.webp 1080w\" sizes=\"(max-width: 800px) 100vw, 800px\" \/>\t\t\t\t\t\t\t\t\t\t\t\t\t\t\t<\/div>\n\t\t\t\t<\/div>\n\t\t\t\t<div class=\"elementor-element elementor-element-0860c01 elementor-align-justify elementor-widget elementor-widget-button\" data-id=\"0860c01\" data-element_type=\"widget\" data-widget_type=\"button.default\">\n\t\t\t\t<div class=\"elementor-widget-container\">\n\t\t\t\t\t\t\t\t\t<div class=\"elementor-button-wrapper\">\n\t\t\t\t\t<a class=\"elementor-button elementor-button-link elementor-size-sm\" href=\"#\">\n\t\t\t\t\t\t<span class=\"elementor-button-content-wrapper\">\n\t\t\t\t\t\t\t\t\t<span class=\"elementor-button-text\">Ver proyectos<\/span>\n\t\t\t\t\t<\/span>\n\t\t\t\t\t<\/a>\n\t\t\t\t<\/div>\n\t\t\t\t\t\t\t\t<\/div>\n\t\t\t\t<\/div>\n\t\t\t\t\t<\/div>\n\t\t<\/div>\n\t\t\t\t<div class=\"elementor-column elementor-col-33 elementor-top-column elementor-element elementor-element-2fa7d7f elementor-invisible\" data-id=\"2fa7d7f\" data-element_type=\"column\" data-settings=\"{&quot;animation&quot;:&quot;fadeInDown&quot;}\">\n\t\t\t<div class=\"elementor-widget-wrap elementor-element-populated\">\n\t\t\t\t\t\t<div class=\"elementor-element elementor-element-0f21e25 elementor-widget elementor-widget-image\" data-id=\"0f21e25\" data-element_type=\"widget\" data-widget_type=\"image.default\">\n\t\t\t\t<div class=\"elementor-widget-container\">\n\t\t\t\t\t\t\t\t\t\t\t\t\t\t\t<img loading=\"lazy\" decoding=\"async\" width=\"800\" height=\"800\" src=\"https:\/\/codewise.com.ar\/wp-content\/uploads\/2025\/05\/Post-Instagram-mockup-nueva-web-ordenador-azul-2-1024x1024.webp\" class=\"attachment-large size-large wp-image-908\" alt=\"\" srcset=\"https:\/\/codewise.com.ar\/wp-content\/uploads\/2025\/05\/Post-Instagram-mockup-nueva-web-ordenador-azul-2-1024x1024.webp 1024w, https:\/\/codewise.com.ar\/wp-content\/uploads\/2025\/05\/Post-Instagram-mockup-nueva-web-ordenador-azul-2-300x300.webp 300w, https:\/\/codewise.com.ar\/wp-content\/uploads\/2025\/05\/Post-Instagram-mockup-nueva-web-ordenador-azul-2-150x150.webp 150w, https:\/\/codewise.com.ar\/wp-content\/uploads\/2025\/05\/Post-Instagram-mockup-nueva-web-ordenador-azul-2-768x768.webp 768w, https:\/\/codewise.com.ar\/wp-content\/uploads\/2025\/05\/Post-Instagram-mockup-nueva-web-ordenador-azul-2.webp 1080w\" sizes=\"(max-width: 800px) 100vw, 800px\" \/>\t\t\t\t\t\t\t\t\t\t\t\t\t\t\t<\/div>\n\t\t\t\t<\/div>\n\t\t\t\t<div class=\"elementor-element elementor-element-b545391 elementor-align-justify elementor-widget elementor-widget-button\" data-id=\"b545391\" data-element_type=\"widget\" data-widget_type=\"button.default\">\n\t\t\t\t<div class=\"elementor-widget-container\">\n\t\t\t\t\t\t\t\t\t<div class=\"elementor-button-wrapper\">\n\t\t\t\t\t<a class=\"elementor-button elementor-button-link elementor-size-sm\" href=\"#\">\n\t\t\t\t\t\t<span class=\"elementor-button-content-wrapper\">\n\t\t\t\t\t\t\t\t\t<span class=\"elementor-button-text\">Ver proyectos<\/span>\n\t\t\t\t\t<\/span>\n\t\t\t\t\t<\/a>\n\t\t\t\t<\/div>\n\t\t\t\t\t\t\t\t<\/div>\n\t\t\t\t<\/div>\n\t\t\t\t\t<\/div>\n\t\t<\/div>\n\t\t\t\t<div class=\"elementor-column elementor-col-33 elementor-top-column elementor-element elementor-element-7cca69f elementor-invisible\" data-id=\"7cca69f\" data-element_type=\"column\" data-settings=\"{&quot;animation&quot;:&quot;fadeInRight&quot;}\">\n\t\t\t<div class=\"elementor-widget-wrap elementor-element-populated\">\n\t\t\t\t\t\t<div class=\"elementor-element elementor-element-fd72206 elementor-widget elementor-widget-image\" data-id=\"fd72206\" data-element_type=\"widget\" data-widget_type=\"image.default\">\n\t\t\t\t<div class=\"elementor-widget-container\">\n\t\t\t\t\t\t\t\t\t\t\t\t\t\t\t<img loading=\"lazy\" decoding=\"async\" width=\"800\" height=\"800\" src=\"https:\/\/codewise.com.ar\/wp-content\/uploads\/2025\/05\/Post-Instagram-mockup-nueva-web-ordenador-azul-1-1-1024x1024.webp\" class=\"attachment-large size-large wp-image-913\" alt=\"\" srcset=\"https:\/\/codewise.com.ar\/wp-content\/uploads\/2025\/05\/Post-Instagram-mockup-nueva-web-ordenador-azul-1-1-1024x1024.webp 1024w, https:\/\/codewise.com.ar\/wp-content\/uploads\/2025\/05\/Post-Instagram-mockup-nueva-web-ordenador-azul-1-1-300x300.webp 300w, https:\/\/codewise.com.ar\/wp-content\/uploads\/2025\/05\/Post-Instagram-mockup-nueva-web-ordenador-azul-1-1-150x150.webp 150w, https:\/\/codewise.com.ar\/wp-content\/uploads\/2025\/05\/Post-Instagram-mockup-nueva-web-ordenador-azul-1-1-768x768.webp 768w, https:\/\/codewise.com.ar\/wp-content\/uploads\/2025\/05\/Post-Instagram-mockup-nueva-web-ordenador-azul-1-1.webp 1080w\" sizes=\"(max-width: 800px) 100vw, 800px\" \/>\t\t\t\t\t\t\t\t\t\t\t\t\t\t\t<\/div>\n\t\t\t\t<\/div>\n\t\t\t\t<div class=\"elementor-element elementor-element-07fb7bf elementor-align-justify elementor-widget elementor-widget-button\" data-id=\"07fb7bf\" data-element_type=\"widget\" data-widget_type=\"button.default\">\n\t\t\t\t<div class=\"elementor-widget-container\">\n\t\t\t\t\t\t\t\t\t<div class=\"elementor-button-wrapper\">\n\t\t\t\t\t<a class=\"elementor-button elementor-button-link elementor-size-sm\" href=\"#\">\n\t\t\t\t\t\t<span class=\"elementor-button-content-wrapper\">\n\t\t\t\t\t\t\t\t\t<span class=\"elementor-button-text\">Ver proyectos<\/span>\n\t\t\t\t\t<\/span>\n\t\t\t\t\t<\/a>\n\t\t\t\t<\/div>\n\t\t\t\t\t\t\t\t<\/div>\n\t\t\t\t<\/div>\n\t\t\t\t\t<\/div>\n\t\t<\/div>\n\t\t\t\t\t<\/div>\n\t\t<\/section>\n\t\t\t\t<\/div>\n\t\t","protected":false},"excerpt":{"rendered":"<p>Eleg\u00ed una categor\u00eday explor\u00e1 nuestros trabajos. Ver proyectos Ver proyectos Ver proyectos Ver proyectos Ver proyectos Ver proyectos<\/p>\n","protected":false},"author":1,"featured_media":0,"parent":0,"menu_order":0,"comment_status":"closed","ping_status":"closed","template":"elementor_header_footer","meta":{"footnotes":""},"class_list":["post-35","page","type-page","status-publish","hentry"],"_links":{"self":[{"href":"https:\/\/codewise.com.ar\/index.php\/wp-json\/wp\/v2\/pages\/35","targetHints":{"allow":["GET"]}}],"collection":[{"href":"https:\/\/codewise.com.ar\/index.php\/wp-json\/wp\/v2\/pages"}],"about":[{"href":"https:\/\/codewise.com.ar\/index.php\/wp-json\/wp\/v2\/types\/page"}],"author":[{"embeddable":true,"href":"https:\/\/codewise.com.ar\/index.php\/wp-json\/wp\/v2\/users\/1"}],"replies":[{"embeddable":true,"href":"https:\/\/codewise.com.ar\/index.php\/wp-json\/wp\/v2\/comments?post=35"}],"version-history":[{"count":208,"href":"https:\/\/codewise.com.ar\/index.php\/wp-json\/wp\/v2\/pages\/35\/revisions"}],"predecessor-version":[{"id":1249,"href":"https:\/\/codewise.com.ar\/index.php\/wp-json\/wp\/v2\/pages\/35\/revisions\/1249"}],"wp:attachment":[{"href":"https:\/\/codewise.com.ar\/index.php\/wp-json\/wp\/v2\/media?parent=35"}],"curies":[{"name":"wp","href":"https:\/\/api.w.org\/{rel}","templated":true}]}}